{"id":37,"date":"2023-04-17T18:59:21","date_gmt":"2023-04-17T18:59:21","guid":{"rendered":"http:\/\/skylightsnw.com\/?page_id=37"},"modified":"2025-12-02T23:15:53","modified_gmt":"2025-12-02T23:15:53","slug":"homeowners","status":"publish","type":"page","link":"https:\/\/skylightsnw.com\/es\/homeowners\/","title":{"rendered":"Propietarios"},"content":{"rendered":"<h3 class=\"wp-block-heading has-text-align-center\">Transforma cualquier espacio con VELUX<sup>\u00ae<\/sup>&nbsp;skylights.<\/h3>\n\n\n\n<h5 class=\"wp-block-heading has-text-align-center has-blue-color has-text-color\">Transform your home with natural light and&nbsp;fresh air&nbsp;with VELUX<sup>\u00ae<\/sup>&nbsp;No&nbsp;Leak Skylights.<\/h5>\n\n\n\n<div style=\"height:100px\" aria-hidden=\"true\" class=\"wp-block-spacer\"><\/div>\n\n\n\n<div class=\"wp-block-columns is-layout-flex wp-container-core-columns-is-layout-28f84493 wp-block-columns-is-layout-flex\">\n<div class=\"wp-block-column is-layout-flow wp-block-column-is-layout-flow\">\n<figure class=\"wp-block-image aligncenter size-full\"><img loading=\"lazy\" decoding=\"async\" width=\"600\" height=\"450\" src=\"http:\/\/skylightsnw.com\/wp-content\/uploads\/2023\/04\/2022-09-16-1.jpg\" alt=\"2022 09 16 1\" class=\"wp-image-16\" srcset=\"https:\/\/skylightsnw.com\/wp-content\/uploads\/2023\/04\/2022-09-16-1.jpg 600w, https:\/\/skylightsnw.com\/wp-content\/uploads\/2023\/04\/2022-09-16-1-300x225.jpg 300w\" sizes=\"auto, (max-width: 600px) 100vw, 600px\" \/><\/figure>\n\n\n\n<h3 class=\"wp-block-heading has-text-align-center\">Reemplazos<\/h3>\n\n\n\n<p class=\"has-text-align-center\">Somos especialistas en el reemplazo de claraboyas y nuestra experiencia nos permite reemplazar su claraboya con cuidado y prevenir inconvenientes futuros.<\/p>\n\n\n\n<div class=\"wp-block-buttons is-content-justification-center is-layout-flex wp-container-core-buttons-is-layout-a89b3969 wp-block-buttons-is-layout-flex\">\n<div class=\"wp-block-button\"><a class=\"wp-block-button__link wp-element-button\" href=\"http:\/\/skylightsnw.com\/es\/homeowners\/replacements\/\">Aprende m\u00e1s<\/a><\/div>\n<\/div>\n<\/div>\n\n\n\n<div class=\"wp-block-column is-layout-flow wp-block-column-is-layout-flow\">\n<figure class=\"wp-block-image aligncenter size-full\"><img loading=\"lazy\" decoding=\"async\" width=\"600\" height=\"450\" src=\"http:\/\/skylightsnw.com\/wp-content\/uploads\/2023\/04\/2022-09-16.jpg\" alt=\"2022 09 16\" class=\"wp-image-17\" srcset=\"https:\/\/skylightsnw.com\/wp-content\/uploads\/2023\/04\/2022-09-16.jpg 600w, https:\/\/skylightsnw.com\/wp-content\/uploads\/2023\/04\/2022-09-16-300x225.jpg 300w\" sizes=\"auto, (max-width: 600px) 100vw, 600px\" \/><\/figure>\n\n\n\n<h3 class=\"wp-block-heading has-text-align-center\">Instalaciones<\/h3>\n\n\n\n<p class=\"has-text-align-center\">Nuestro proceso de instalaci\u00f3n es realizado por profesionales calificados que aseguran una correcta instalaci\u00f3n y t\u00e9cnicas de prevenci\u00f3n de da\u00f1os futuros.<\/p>\n\n\n\n<div class=\"wp-block-buttons is-content-justification-center is-layout-flex wp-container-core-buttons-is-layout-a89b3969 wp-block-buttons-is-layout-flex\">\n<div class=\"wp-block-button\"><a class=\"wp-block-button__link wp-element-button\" href=\"http:\/\/skylightsnw.com\/es\/homeowners\/installation\/\">Aprende m\u00e1s<\/a><\/div>\n<\/div>\n<\/div>\n<\/div>\n\n\n\n<div style=\"height:100px\" aria-hidden=\"true\" class=\"wp-block-spacer\"><\/div>\n\n\n\n<hr class=\"wp-block-separator has-alpha-channel-opacity\"\/>\n\n\n\n<h2 class=\"wp-block-heading has-text-align-center\">Financiaci\u00f3n<\/h2>\n\n\n\n<p class=\"has-text-align-center\">There are several financing options available depending on your specific needs and circumstances<\/p>\n\n\n\n<div class=\"wp-block-buttons is-content-justification-center is-layout-flex wp-container-core-buttons-is-layout-a89b3969 wp-block-buttons-is-layout-flex\">\n<div class=\"wp-block-button\"><a class=\"wp-block-button__link has-text-align-center wp-element-button\" href=\"https:\/\/skylightsnw.com\/es\/homeowners\/financing\/\">Conoce m\u00e1s sobre nuestras diferentes opciones<\/a><\/div>\n<\/div>\n\n\n\n<div style=\"height:50px\" aria-hidden=\"true\" class=\"wp-block-spacer\"><\/div>\n\n\n\n<figure class=\"wp-block-gallery has-nested-images columns-4 is-cropped wp-block-gallery-2 is-layout-flex wp-block-gallery-is-layout-flex\">\n<figure class=\"wp-block-image size-large\"><img loading=\"lazy\" decoding=\"async\" width=\"600\" height=\"450\" data-id=\"128\" src=\"http:\/\/skylightsnw.com\/wp-content\/uploads\/2023\/04\/Skylights-NW_-VELUX-Skylight-installation-1.png\" alt=\"Skylights NW VELUX Skylight installation 1\" class=\"wp-image-128\" srcset=\"https:\/\/skylightsnw.com\/wp-content\/uploads\/2023\/04\/Skylights-NW_-VELUX-Skylight-installation-1.png 600w, https:\/\/skylightsnw.com\/wp-content\/uploads\/2023\/04\/Skylights-NW_-VELUX-Skylight-installation-1-300x225.png 300w\" sizes=\"auto, (max-width: 600px) 100vw, 600px\" \/><\/figure>\n\n\n\n<figure class=\"wp-block-image size-large\"><img loading=\"lazy\" decoding=\"async\" width=\"773\" height=\"580\" data-id=\"30\" src=\"http:\/\/skylightsnw.com\/wp-content\/uploads\/2023\/04\/tempImageiw8gc9.jpg\" alt=\"tempImageiw8gc9\" class=\"wp-image-30\" srcset=\"https:\/\/skylightsnw.com\/wp-content\/uploads\/2023\/04\/tempImageiw8gc9.jpg 773w, https:\/\/skylightsnw.com\/wp-content\/uploads\/2023\/04\/tempImageiw8gc9-300x225.jpg 300w, https:\/\/skylightsnw.com\/wp-content\/uploads\/2023\/04\/tempImageiw8gc9-768x576.jpg 768w\" sizes=\"auto, (max-width: 773px) 100vw, 773px\" \/><\/figure>\n\n\n\n<figure class=\"wp-block-image size-large\"><img loading=\"lazy\" decoding=\"async\" width=\"901\" height=\"676\" data-id=\"29\" src=\"http:\/\/skylightsnw.com\/wp-content\/uploads\/2023\/04\/tempImage85Jnmd.jpg\" alt=\"tempImage85Jnmd\" class=\"wp-image-29\" srcset=\"https:\/\/skylightsnw.com\/wp-content\/uploads\/2023\/04\/tempImage85Jnmd.jpg 901w, https:\/\/skylightsnw.com\/wp-content\/uploads\/2023\/04\/tempImage85Jnmd-300x225.jpg 300w, https:\/\/skylightsnw.com\/wp-content\/uploads\/2023\/04\/tempImage85Jnmd-768x576.jpg 768w\" sizes=\"auto, (max-width: 901px) 100vw, 901px\" \/><\/figure>\n\n\n\n<figure class=\"wp-block-image size-large\"><img loading=\"lazy\" decoding=\"async\" width=\"600\" height=\"450\" data-id=\"17\" src=\"http:\/\/skylightsnw.com\/wp-content\/uploads\/2023\/04\/2022-09-16.jpg\" alt=\"2022 09 16\" class=\"wp-image-17\" srcset=\"https:\/\/skylightsnw.com\/wp-content\/uploads\/2023\/04\/2022-09-16.jpg 600w, https:\/\/skylightsnw.com\/wp-content\/uploads\/2023\/04\/2022-09-16-300x225.jpg 300w\" sizes=\"auto, (max-width: 600px) 100vw, 600px\" \/><\/figure>\n<\/figure>","protected":false},"excerpt":{"rendered":"<p>Transform any space with VELUX\u00ae&nbsp;skylights. Transform your home with natural light and&nbsp;fresh air&nbsp;with VELUX\u00ae&nbsp;No&nbsp;Leak Skylights. Replacements We are skylight replacement specialists and our experience allows us to replace your skylight with care and prevent future inconveniences. Installations Our installation process [&hellip;]<\/p>\n","protected":false},"author":1,"featured_media":33,"parent":0,"menu_order":0,"comment_status":"closed","ping_status":"closed","template":"","meta":{"_acf_changed":false,"inline_featured_image":false,"_monsterinsights_skip_tracking":false,"_monsterinsights_sitenote_active":false,"_monsterinsights_sitenote_note":"","_monsterinsights_sitenote_category":0,"footnotes":""},"class_list":["post-37","page","type-page","status-publish","has-post-thumbnail","hentry"],"acf":[],"yoast_head":"<!-- This site is optimized with the Yoast SEO plugin v27.5 - https:\/\/yoast.com\/product\/yoast-seo-wordpress\/ -->\n<title>Homeowners - SkylightsNW<\/title>\n<meta name=\"robots\" content=\"index, follow, max-snippet:-1, max-image-preview:large, max-video-preview:-1\" \/>\n<link rel=\"canonical\" href=\"https:\/\/skylightsnw.com\/es\/homeowners\/\" \/>\n<meta property=\"og:locale\" content=\"es_MX\" \/>\n<meta property=\"og:type\" content=\"article\" \/>\n<meta property=\"og:title\" content=\"Homeowners - SkylightsNW\" \/>\n<meta property=\"og:description\" content=\"Transform any space with VELUX\u00ae&nbsp;skylights. Transform your home with natural light and&nbsp;fresh air&nbsp;with VELUX\u00ae&nbsp;No&nbsp;Leak Skylights. Replacements We are skylight replacement specialists and our experience allows us to replace your skylight with care and prevent future inconveniences. Installations Our installation process [&hellip;]\" \/>\n<meta property=\"og:url\" content=\"https:\/\/skylightsnw.com\/es\/homeowners\/\" \/>\n<meta property=\"og:site_name\" content=\"SkylightsNW\" \/>\n<meta property=\"article:modified_time\" content=\"2025-12-02T23:15:53+00:00\" \/>\n<meta property=\"og:image\" content=\"https:\/\/skylightsnw.com\/wp-content\/uploads\/2023\/04\/unnamed-1.jpg\" \/>\n\t<meta property=\"og:image:width\" content=\"901\" \/>\n\t<meta property=\"og:image:height\" content=\"676\" \/>\n\t<meta property=\"og:image:type\" content=\"image\/jpeg\" \/>\n<meta name=\"twitter:card\" content=\"summary_large_image\" \/>\n<meta name=\"twitter:label1\" content=\"Tiempo de lectura\" \/>\n\t<meta name=\"twitter:data1\" content=\"2 minutos\" \/>\n<script type=\"application\/ld+json\" class=\"yoast-schema-graph\">{\"@context\":\"https:\\\/\\\/schema.org\",\"@graph\":[{\"@type\":\"WebPage\",\"@id\":\"https:\\\/\\\/skylightsnw.com\\\/homeowners\\\/\",\"url\":\"https:\\\/\\\/skylightsnw.com\\\/homeowners\\\/\",\"name\":\"Homeowners - SkylightsNW\",\"isPartOf\":{\"@id\":\"https:\\\/\\\/skylightsnw.com\\\/#website\"},\"primaryImageOfPage\":{\"@id\":\"https:\\\/\\\/skylightsnw.com\\\/homeowners\\\/#primaryimage\"},\"image\":{\"@id\":\"https:\\\/\\\/skylightsnw.com\\\/homeowners\\\/#primaryimage\"},\"thumbnailUrl\":\"https:\\\/\\\/skylightsnw.com\\\/wp-content\\\/uploads\\\/2023\\\/04\\\/unnamed-1.jpg\",\"datePublished\":\"2023-04-17T18:59:21+00:00\",\"dateModified\":\"2025-12-02T23:15:53+00:00\",\"breadcrumb\":{\"@id\":\"https:\\\/\\\/skylightsnw.com\\\/homeowners\\\/#breadcrumb\"},\"inLanguage\":\"es\",\"potentialAction\":[{\"@type\":\"ReadAction\",\"target\":[\"https:\\\/\\\/skylightsnw.com\\\/homeowners\\\/\"]}]},{\"@type\":\"ImageObject\",\"inLanguage\":\"es\",\"@id\":\"https:\\\/\\\/skylightsnw.com\\\/homeowners\\\/#primaryimage\",\"url\":\"https:\\\/\\\/skylightsnw.com\\\/wp-content\\\/uploads\\\/2023\\\/04\\\/unnamed-1.jpg\",\"contentUrl\":\"https:\\\/\\\/skylightsnw.com\\\/wp-content\\\/uploads\\\/2023\\\/04\\\/unnamed-1.jpg\",\"width\":901,\"height\":676,\"caption\":\"unnamed 1\"},{\"@type\":\"BreadcrumbList\",\"@id\":\"https:\\\/\\\/skylightsnw.com\\\/homeowners\\\/#breadcrumb\",\"itemListElement\":[{\"@type\":\"ListItem\",\"position\":1,\"name\":\"Home\",\"item\":\"https:\\\/\\\/skylightsnw.com\\\/\"},{\"@type\":\"ListItem\",\"position\":2,\"name\":\"Homeowners\"}]},{\"@type\":\"WebSite\",\"@id\":\"https:\\\/\\\/skylightsnw.com\\\/#website\",\"url\":\"https:\\\/\\\/skylightsnw.com\\\/\",\"name\":\"SkylightsNW\",\"description\":\"Light Up Your Space | Tigard\",\"publisher\":{\"@id\":\"https:\\\/\\\/skylightsnw.com\\\/#organization\"},\"potentialAction\":[{\"@type\":\"SearchAction\",\"target\":{\"@type\":\"EntryPoint\",\"urlTemplate\":\"https:\\\/\\\/skylightsnw.com\\\/?s={search_term_string}\"},\"query-input\":{\"@type\":\"PropertyValueSpecification\",\"valueRequired\":true,\"valueName\":\"search_term_string\"}}],\"inLanguage\":\"es\"},{\"@type\":\"Organization\",\"@id\":\"https:\\\/\\\/skylightsnw.com\\\/#organization\",\"name\":\"SkylightsNW\",\"url\":\"https:\\\/\\\/skylightsnw.com\\\/\",\"logo\":{\"@type\":\"ImageObject\",\"inLanguage\":\"es\",\"@id\":\"https:\\\/\\\/skylightsnw.com\\\/#\\\/schema\\\/logo\\\/image\\\/\",\"url\":\"https:\\\/\\\/skylightsnw.com\\\/wp-content\\\/uploads\\\/2023\\\/04\\\/Skylights-NW_Sun-horizontal.png\",\"contentUrl\":\"https:\\\/\\\/skylightsnw.com\\\/wp-content\\\/uploads\\\/2023\\\/04\\\/Skylights-NW_Sun-horizontal.png\",\"width\":1850,\"height\":704,\"caption\":\"SkylightsNW\"},\"image\":{\"@id\":\"https:\\\/\\\/skylightsnw.com\\\/#\\\/schema\\\/logo\\\/image\\\/\"}}]}<\/script>\n<!-- \/ Yoast SEO plugin. -->","yoast_head_json":{"title":"Homeowners - SkylightsNW","robots":{"index":"index","follow":"follow","max-snippet":"max-snippet:-1","max-image-preview":"max-image-preview:large","max-video-preview":"max-video-preview:-1"},"canonical":"https:\/\/skylightsnw.com\/es\/homeowners\/","og_locale":"es_MX","og_type":"article","og_title":"Homeowners - SkylightsNW","og_description":"Transform any space with VELUX\u00ae&nbsp;skylights. Transform your home with natural light and&nbsp;fresh air&nbsp;with VELUX\u00ae&nbsp;No&nbsp;Leak Skylights. Replacements We are skylight replacement specialists and our experience allows us to replace your skylight with care and prevent future inconveniences. Installations Our installation process [&hellip;]","og_url":"https:\/\/skylightsnw.com\/es\/homeowners\/","og_site_name":"SkylightsNW","article_modified_time":"2025-12-02T23:15:53+00:00","og_image":[{"width":901,"height":676,"url":"https:\/\/skylightsnw.com\/wp-content\/uploads\/2023\/04\/unnamed-1.jpg","type":"image\/jpeg"}],"twitter_card":"summary_large_image","twitter_misc":{"Tiempo de lectura":"2 minutos"},"schema":{"@context":"https:\/\/schema.org","@graph":[{"@type":"WebPage","@id":"https:\/\/skylightsnw.com\/homeowners\/","url":"https:\/\/skylightsnw.com\/homeowners\/","name":"Homeowners - SkylightsNW","isPartOf":{"@id":"https:\/\/skylightsnw.com\/#website"},"primaryImageOfPage":{"@id":"https:\/\/skylightsnw.com\/homeowners\/#primaryimage"},"image":{"@id":"https:\/\/skylightsnw.com\/homeowners\/#primaryimage"},"thumbnailUrl":"https:\/\/skylightsnw.com\/wp-content\/uploads\/2023\/04\/unnamed-1.jpg","datePublished":"2023-04-17T18:59:21+00:00","dateModified":"2025-12-02T23:15:53+00:00","breadcrumb":{"@id":"https:\/\/skylightsnw.com\/homeowners\/#breadcrumb"},"inLanguage":"es","potentialAction":[{"@type":"ReadAction","target":["https:\/\/skylightsnw.com\/homeowners\/"]}]},{"@type":"ImageObject","inLanguage":"es","@id":"https:\/\/skylightsnw.com\/homeowners\/#primaryimage","url":"https:\/\/skylightsnw.com\/wp-content\/uploads\/2023\/04\/unnamed-1.jpg","contentUrl":"https:\/\/skylightsnw.com\/wp-content\/uploads\/2023\/04\/unnamed-1.jpg","width":901,"height":676,"caption":"unnamed 1"},{"@type":"BreadcrumbList","@id":"https:\/\/skylightsnw.com\/homeowners\/#breadcrumb","itemListElement":[{"@type":"ListItem","position":1,"name":"Home","item":"https:\/\/skylightsnw.com\/"},{"@type":"ListItem","position":2,"name":"Homeowners"}]},{"@type":"WebSite","@id":"https:\/\/skylightsnw.com\/#website","url":"https:\/\/skylightsnw.com\/","name":"SkylightsNW","description":"Light Up Your Space | Tigard","publisher":{"@id":"https:\/\/skylightsnw.com\/#organization"},"potentialAction":[{"@type":"SearchAction","target":{"@type":"EntryPoint","urlTemplate":"https:\/\/skylightsnw.com\/?s={search_term_string}"},"query-input":{"@type":"PropertyValueSpecification","valueRequired":true,"valueName":"search_term_string"}}],"inLanguage":"es"},{"@type":"Organization","@id":"https:\/\/skylightsnw.com\/#organization","name":"SkylightsNW","url":"https:\/\/skylightsnw.com\/","logo":{"@type":"ImageObject","inLanguage":"es","@id":"https:\/\/skylightsnw.com\/#\/schema\/logo\/image\/","url":"https:\/\/skylightsnw.com\/wp-content\/uploads\/2023\/04\/Skylights-NW_Sun-horizontal.png","contentUrl":"https:\/\/skylightsnw.com\/wp-content\/uploads\/2023\/04\/Skylights-NW_Sun-horizontal.png","width":1850,"height":704,"caption":"SkylightsNW"},"image":{"@id":"https:\/\/skylightsnw.com\/#\/schema\/logo\/image\/"}}]}},"_links":{"self":[{"href":"https:\/\/skylightsnw.com\/es\/wp-json\/wp\/v2\/pages\/37","targetHints":{"allow":["GET"]}}],"collection":[{"href":"https:\/\/skylightsnw.com\/es\/wp-json\/wp\/v2\/pages"}],"about":[{"href":"https:\/\/skylightsnw.com\/es\/wp-json\/wp\/v2\/types\/page"}],"author":[{"embeddable":true,"href":"https:\/\/skylightsnw.com\/es\/wp-json\/wp\/v2\/users\/1"}],"replies":[{"embeddable":true,"href":"https:\/\/skylightsnw.com\/es\/wp-json\/wp\/v2\/comments?post=37"}],"version-history":[{"count":30,"href":"https:\/\/skylightsnw.com\/es\/wp-json\/wp\/v2\/pages\/37\/revisions"}],"predecessor-version":[{"id":1426,"href":"https:\/\/skylightsnw.com\/es\/wp-json\/wp\/v2\/pages\/37\/revisions\/1426"}],"wp:featuredmedia":[{"embeddable":true,"href":"https:\/\/skylightsnw.com\/es\/wp-json\/wp\/v2\/media\/33"}],"wp:attachment":[{"href":"https:\/\/skylightsnw.com\/es\/wp-json\/wp\/v2\/media?parent=37"}],"curies":[{"name":"wp","href":"https:\/\/api.w.org\/{rel}","templated":true}]}}