{"id":43,"date":"2023-04-17T19:00:24","date_gmt":"2023-04-17T19:00:24","guid":{"rendered":"http:\/\/skylightsnw.com\/?page_id=43"},"modified":"2023-04-18T20:20:02","modified_gmt":"2023-04-18T20:20:02","slug":"replacements","status":"publish","type":"page","link":"https:\/\/skylightsnw.com\/es\/homeowners\/replacements\/","title":{"rendered":"Reemplazos"},"content":{"rendered":"<p>Do you have an old or damaged skylight? We can safely replace your skylight with protection for your home throughout the processs to help bring back more natural light into your living space.<\/p>\n\n\n\n<div class=\"wp-block-media-text alignwide has-media-on-the-right is-stacked-on-mobile\" style=\"grid-template-columns:auto 45%\"><div class=\"wp-block-media-text__content\">\n<h4 class=\"wp-block-heading has-text-align-left\">Do you have an old or damaged skylight?<\/h4>\n\n\n\n<h4 class=\"wp-block-heading has-text-align-left has-blue-color has-text-color\">We safely replace the skylights in your home with future damage prevention.<\/h4>\n\n\n\n<p>VELUX<sup>\u00ae<\/sup>&nbsp;tragaluces y t\u00fanel del sol<sup>\u00ae<\/sup>&nbsp;skylights can be installed in flat or vaulted ceilings in two worry-free phases: rooftop and interior. We can recommend where skylights should be installed, so you can reap the maximum benefit from the natural light and&nbsp;fresh air&nbsp;they provide.<\/p>\n<\/div><figure class=\"wp-block-media-text__media\"><img loading=\"lazy\" decoding=\"async\" width=\"1024\" height=\"1024\" src=\"http:\/\/skylightsnw.com\/wp-content\/uploads\/2023\/04\/2022-09-16-2-1024x1024.jpg\" alt=\"2022 09 16 2\" class=\"wp-image-129 size-full\" srcset=\"https:\/\/skylightsnw.com\/wp-content\/uploads\/2023\/04\/2022-09-16-2-1024x1024.jpg 1024w, https:\/\/skylightsnw.com\/wp-content\/uploads\/2023\/04\/2022-09-16-2-300x300.jpg 300w, https:\/\/skylightsnw.com\/wp-content\/uploads\/2023\/04\/2022-09-16-2-150x150.jpg 150w, https:\/\/skylightsnw.com\/wp-content\/uploads\/2023\/04\/2022-09-16-2-768x768.jpg 768w, https:\/\/skylightsnw.com\/wp-content\/uploads\/2023\/04\/2022-09-16-2-75x75.jpg 75w, https:\/\/skylightsnw.com\/wp-content\/uploads\/2023\/04\/2022-09-16-2.jpg 1280w\" sizes=\"auto, (max-width: 1024px) 100vw, 1024px\" \/><\/figure><\/div>\n\n\n\n<div class=\"wp-block-group is-layout-constrained wp-block-group-is-layout-constrained\">\n<div class=\"wp-block-cover is-light\"><span aria-hidden=\"true\" class=\"wp-block-cover__background has-background-dim-0 has-background-dim\"><\/span><img loading=\"lazy\" decoding=\"async\" width=\"1280\" height=\"1280\" class=\"wp-block-cover__image-background wp-image-129\" alt=\"2022 09 16 2\" src=\"http:\/\/skylightsnw.com\/wp-content\/uploads\/2023\/04\/2022-09-16-2.jpg\" data-object-fit=\"cover\" srcset=\"https:\/\/skylightsnw.com\/wp-content\/uploads\/2023\/04\/2022-09-16-2.jpg 1280w, https:\/\/skylightsnw.com\/wp-content\/uploads\/2023\/04\/2022-09-16-2-300x300.jpg 300w, https:\/\/skylightsnw.com\/wp-content\/uploads\/2023\/04\/2022-09-16-2-1024x1024.jpg 1024w, https:\/\/skylightsnw.com\/wp-content\/uploads\/2023\/04\/2022-09-16-2-150x150.jpg 150w, https:\/\/skylightsnw.com\/wp-content\/uploads\/2023\/04\/2022-09-16-2-768x768.jpg 768w, https:\/\/skylightsnw.com\/wp-content\/uploads\/2023\/04\/2022-09-16-2-75x75.jpg 75w\" sizes=\"auto, (max-width: 1280px) 100vw, 1280px\" \/><div class=\"wp-block-cover__inner-container is-layout-flow wp-block-cover-is-layout-flow\">\n<p class=\"has-text-align-center has-large-font-size\"><\/p>\n<\/div><\/div>\n\n\n\n<div style=\"height:100px\" aria-hidden=\"true\" class=\"wp-block-spacer\"><\/div>\n<\/div>\n\n\n\n<h3 class=\"wp-block-heading has-text-align-center\">Instalaci\u00f3n de tragaluces<\/h3>\n\n\n\n<div class=\"wp-block-columns is-layout-flex wp-container-core-columns-is-layout-28f84493 wp-block-columns-is-layout-flex\">\n<div class=\"wp-block-column is-layout-flow wp-block-column-is-layout-flow\">\n<h5 class=\"wp-block-heading has-blue-color has-text-color\">1. Instalaci\u00f3n en la azotea<\/h5>\n\n\n\n<p>Los instaladores har\u00e1n un agujero y sujetar\u00e1n la claraboya VELUX al techo con tres capas de protecci\u00f3n para evitar fugas. Dependiendo de las circunstancias, como la inclinaci\u00f3n del techo y el clima, la fase de la azotea puede durar entre uno y tres d\u00edas.<\/p>\n<\/div>\n\n\n\n<div class=\"wp-block-column is-layout-flow wp-block-column-is-layout-flow\">\n<h5 class=\"wp-block-heading\">2. Instalaci\u00f3n Interior<\/h5>\n\n\n\n<p>Los instaladores entrar\u00e1n para trabajos de acabado interior y posible pintura. Si tiene un techo plano, su instalador usar\u00e1 paneles de yeso u otro material de acabado para construir un hueco desde el tragaluz para dirigir la luz del d\u00eda hacia la habitaci\u00f3n. Esta fase dura alrededor de medio d\u00eda por lucernario.<\/p>\n<\/div>\n\n\n\n<div class=\"wp-block-column is-layout-flow wp-block-column-is-layout-flow\">\n<h5 class=\"wp-block-heading has-yellow-color has-text-color\">3. Bellamente transformado<\/h5>\n\n\n\n<p>Los instaladores pueden pintar el eje de la luz para que coincida con el techo circundante. El proceso de instalaci\u00f3n completo ser\u00e1 desordenado y sin preocupaciones.<\/p>\n<\/div>\n<\/div>\n\n\n\n<div style=\"height:100px\" aria-hidden=\"true\" class=\"wp-block-spacer\"><\/div>\n\n\n\n<div class=\"wp-block-group is-layout-constrained wp-block-group-is-layout-constrained\">\n<div class=\"wp-block-cover is-light\"><span aria-hidden=\"true\" class=\"wp-block-cover__background has-background-dim-0 has-background-dim\"><\/span><img loading=\"lazy\" decoding=\"async\" width=\"773\" height=\"580\" class=\"wp-block-cover__image-background wp-image-30\" alt=\"tempImageiw8gc9\" src=\"http:\/\/skylightsnw.com\/wp-content\/uploads\/2023\/04\/tempImageiw8gc9.jpg\" data-object-fit=\"cover\" srcset=\"https:\/\/skylightsnw.com\/wp-content\/uploads\/2023\/04\/tempImageiw8gc9.jpg 773w, https:\/\/skylightsnw.com\/wp-content\/uploads\/2023\/04\/tempImageiw8gc9-300x225.jpg 300w, https:\/\/skylightsnw.com\/wp-content\/uploads\/2023\/04\/tempImageiw8gc9-768x576.jpg 768w\" sizes=\"auto, (max-width: 773px) 100vw, 773px\" \/><div class=\"wp-block-cover__inner-container is-layout-flow wp-block-cover-is-layout-flow\">\n<p class=\"has-text-align-center has-large-font-size\"><\/p>\n<\/div><\/div>\n\n\n\n<div style=\"height:100px\" aria-hidden=\"true\" class=\"wp-block-spacer\"><\/div>\n<\/div>\n\n\n\n<h3 class=\"wp-block-heading has-text-align-center\">Instalaci\u00f3n del tragaluz del t\u00fanel solar<\/h3>\n\n\n\n<div class=\"wp-block-columns is-layout-flex wp-container-core-columns-is-layout-28f84493 wp-block-columns-is-layout-flex\">\n<div class=\"wp-block-column is-layout-flow wp-block-column-is-layout-flow\">\n<h5 class=\"wp-block-heading has-text-align-center has-blue-color has-text-color\">1. Instalaci\u00f3n en la azotea<\/h5>\n\n\n\n<p>Los instaladores har\u00e1n un agujero en el techo e instalar\u00e1n el collar\u00edn superior, la parte superior del t\u00fanel reflectante, la lente y el tapajuntas.<\/p>\n<\/div>\n\n\n\n<div class=\"wp-block-column is-layout-flow wp-block-column-is-layout-flow\">\n<h5 class=\"wp-block-heading has-text-align-center\">2. Instalaci\u00f3n Interior<\/h5>\n\n\n\n<p>Los instaladores har\u00e1n un agujero en el techo para instalar la parte inferior del tubo reflectante entre el techo y el techo.<\/p>\n<\/div>\n\n\n\n<div class=\"wp-block-column is-layout-flow wp-block-column-is-layout-flow\">\n<h5 class=\"wp-block-heading has-text-align-center has-yellow-color has-text-color\">3. Bellamente transformado<\/h5>\n\n\n\n<p>Luego, instalar\u00e1n el difusor y el anillo embellecedor y sellar\u00e1n el tubo. El proceso de instalaci\u00f3n completo ser\u00e1 desordenado y sin preocupaciones.<\/p>\n<\/div>\n<\/div>","protected":false},"excerpt":{"rendered":"<p>Do you have an old or damaged skylight? We can safely replace your skylight with protection for your home throughout the processs to help bring back more natural light into your living space. Do you have an old or damaged [&hellip;]<\/p>\n","protected":false},"author":1,"featured_media":14,"parent":37,"menu_order":0,"comment_status":"closed","ping_status":"closed","template":"","meta":{"_acf_changed":false,"inline_featured_image":false,"_monsterinsights_skip_tracking":false,"_monsterinsights_sitenote_active":false,"_monsterinsights_sitenote_note":"","_monsterinsights_sitenote_category":0,"footnotes":""},"class_list":["post-43","page","type-page","status-publish","has-post-thumbnail","hentry"],"acf":[],"yoast_head":"<!-- This site is optimized with the Yoast SEO plugin v27.3 - https:\/\/yoast.com\/product\/yoast-seo-wordpress\/ -->\n<title>Replacements - SkylightsNW<\/title>\n<meta name=\"robots\" content=\"index, follow, max-snippet:-1, max-image-preview:large, max-video-preview:-1\" \/>\n<link rel=\"canonical\" href=\"https:\/\/skylightsnw.com\/es\/homeowners\/replacements\/\" \/>\n<meta property=\"og:locale\" content=\"es_MX\" \/>\n<meta property=\"og:type\" content=\"article\" \/>\n<meta property=\"og:title\" content=\"Replacements - SkylightsNW\" \/>\n<meta property=\"og:description\" content=\"Do you have an old or damaged skylight? We can safely replace your skylight with protection for your home throughout the processs to help bring back more natural light into your living space. Do you have an old or damaged [&hellip;]\" \/>\n<meta property=\"og:url\" content=\"https:\/\/skylightsnw.com\/es\/homeowners\/replacements\/\" \/>\n<meta property=\"og:site_name\" content=\"SkylightsNW\" \/>\n<meta property=\"article:modified_time\" content=\"2023-04-18T20:20:02+00:00\" \/>\n<meta property=\"og:image\" content=\"https:\/\/skylightsnw.com\/wp-content\/uploads\/2023\/04\/2020-05-07.jpg\" \/>\n\t<meta property=\"og:image:width\" content=\"773\" \/>\n\t<meta property=\"og:image:height\" content=\"580\" \/>\n\t<meta property=\"og:image:type\" content=\"image\/jpeg\" \/>\n<meta name=\"twitter:card\" content=\"summary_large_image\" \/>\n<meta name=\"twitter:label1\" content=\"Tiempo de lectura\" \/>\n\t<meta name=\"twitter:data1\" content=\"1 minuto\" \/>\n<script type=\"application\/ld+json\" class=\"yoast-schema-graph\">{\"@context\":\"https:\\\/\\\/schema.org\",\"@graph\":[{\"@type\":\"WebPage\",\"@id\":\"https:\\\/\\\/skylightsnw.com\\\/homeowners\\\/replacements\\\/\",\"url\":\"https:\\\/\\\/skylightsnw.com\\\/homeowners\\\/replacements\\\/\",\"name\":\"Replacements - SkylightsNW\",\"isPartOf\":{\"@id\":\"https:\\\/\\\/skylightsnw.com\\\/#website\"},\"primaryImageOfPage\":{\"@id\":\"https:\\\/\\\/skylightsnw.com\\\/homeowners\\\/replacements\\\/#primaryimage\"},\"image\":{\"@id\":\"https:\\\/\\\/skylightsnw.com\\\/homeowners\\\/replacements\\\/#primaryimage\"},\"thumbnailUrl\":\"https:\\\/\\\/skylightsnw.com\\\/wp-content\\\/uploads\\\/2023\\\/04\\\/2020-05-07.jpg\",\"datePublished\":\"2023-04-17T19:00:24+00:00\",\"dateModified\":\"2023-04-18T20:20:02+00:00\",\"breadcrumb\":{\"@id\":\"https:\\\/\\\/skylightsnw.com\\\/homeowners\\\/replacements\\\/#breadcrumb\"},\"inLanguage\":\"es\",\"potentialAction\":[{\"@type\":\"ReadAction\",\"target\":[\"https:\\\/\\\/skylightsnw.com\\\/homeowners\\\/replacements\\\/\"]}]},{\"@type\":\"ImageObject\",\"inLanguage\":\"es\",\"@id\":\"https:\\\/\\\/skylightsnw.com\\\/homeowners\\\/replacements\\\/#primaryimage\",\"url\":\"https:\\\/\\\/skylightsnw.com\\\/wp-content\\\/uploads\\\/2023\\\/04\\\/2020-05-07.jpg\",\"contentUrl\":\"https:\\\/\\\/skylightsnw.com\\\/wp-content\\\/uploads\\\/2023\\\/04\\\/2020-05-07.jpg\",\"width\":773,\"height\":580,\"caption\":\"2020 05 07\"},{\"@type\":\"BreadcrumbList\",\"@id\":\"https:\\\/\\\/skylightsnw.com\\\/homeowners\\\/replacements\\\/#breadcrumb\",\"itemListElement\":[{\"@type\":\"ListItem\",\"position\":1,\"name\":\"Home\",\"item\":\"https:\\\/\\\/skylightsnw.com\\\/\"},{\"@type\":\"ListItem\",\"position\":2,\"name\":\"Homeowners\",\"item\":\"https:\\\/\\\/skylightsnw.com\\\/homeowners\\\/\"},{\"@type\":\"ListItem\",\"position\":3,\"name\":\"Replacements\"}]},{\"@type\":\"WebSite\",\"@id\":\"https:\\\/\\\/skylightsnw.com\\\/#website\",\"url\":\"https:\\\/\\\/skylightsnw.com\\\/\",\"name\":\"SkylightsNW\",\"description\":\"Light Up Your Space | Tigard\",\"publisher\":{\"@id\":\"https:\\\/\\\/skylightsnw.com\\\/#organization\"},\"potentialAction\":[{\"@type\":\"SearchAction\",\"target\":{\"@type\":\"EntryPoint\",\"urlTemplate\":\"https:\\\/\\\/skylightsnw.com\\\/?s={search_term_string}\"},\"query-input\":{\"@type\":\"PropertyValueSpecification\",\"valueRequired\":true,\"valueName\":\"search_term_string\"}}],\"inLanguage\":\"es\"},{\"@type\":\"Organization\",\"@id\":\"https:\\\/\\\/skylightsnw.com\\\/#organization\",\"name\":\"SkylightsNW\",\"url\":\"https:\\\/\\\/skylightsnw.com\\\/\",\"logo\":{\"@type\":\"ImageObject\",\"inLanguage\":\"es\",\"@id\":\"https:\\\/\\\/skylightsnw.com\\\/#\\\/schema\\\/logo\\\/image\\\/\",\"url\":\"https:\\\/\\\/skylightsnw.com\\\/wp-content\\\/uploads\\\/2023\\\/04\\\/Skylights-NW_Sun-horizontal.png\",\"contentUrl\":\"https:\\\/\\\/skylightsnw.com\\\/wp-content\\\/uploads\\\/2023\\\/04\\\/Skylights-NW_Sun-horizontal.png\",\"width\":1850,\"height\":704,\"caption\":\"SkylightsNW\"},\"image\":{\"@id\":\"https:\\\/\\\/skylightsnw.com\\\/#\\\/schema\\\/logo\\\/image\\\/\"}}]}<\/script>\n<!-- \/ Yoast SEO plugin. -->","yoast_head_json":{"title":"Replacements - SkylightsNW","robots":{"index":"index","follow":"follow","max-snippet":"max-snippet:-1","max-image-preview":"max-image-preview:large","max-video-preview":"max-video-preview:-1"},"canonical":"https:\/\/skylightsnw.com\/es\/homeowners\/replacements\/","og_locale":"es_MX","og_type":"article","og_title":"Replacements - SkylightsNW","og_description":"Do you have an old or damaged skylight? We can safely replace your skylight with protection for your home throughout the processs to help bring back more natural light into your living space. Do you have an old or damaged [&hellip;]","og_url":"https:\/\/skylightsnw.com\/es\/homeowners\/replacements\/","og_site_name":"SkylightsNW","article_modified_time":"2023-04-18T20:20:02+00:00","og_image":[{"width":773,"height":580,"url":"https:\/\/skylightsnw.com\/wp-content\/uploads\/2023\/04\/2020-05-07.jpg","type":"image\/jpeg"}],"twitter_card":"summary_large_image","twitter_misc":{"Tiempo de lectura":"1 minuto"},"schema":{"@context":"https:\/\/schema.org","@graph":[{"@type":"WebPage","@id":"https:\/\/skylightsnw.com\/homeowners\/replacements\/","url":"https:\/\/skylightsnw.com\/homeowners\/replacements\/","name":"Replacements - SkylightsNW","isPartOf":{"@id":"https:\/\/skylightsnw.com\/#website"},"primaryImageOfPage":{"@id":"https:\/\/skylightsnw.com\/homeowners\/replacements\/#primaryimage"},"image":{"@id":"https:\/\/skylightsnw.com\/homeowners\/replacements\/#primaryimage"},"thumbnailUrl":"https:\/\/skylightsnw.com\/wp-content\/uploads\/2023\/04\/2020-05-07.jpg","datePublished":"2023-04-17T19:00:24+00:00","dateModified":"2023-04-18T20:20:02+00:00","breadcrumb":{"@id":"https:\/\/skylightsnw.com\/homeowners\/replacements\/#breadcrumb"},"inLanguage":"es","potentialAction":[{"@type":"ReadAction","target":["https:\/\/skylightsnw.com\/homeowners\/replacements\/"]}]},{"@type":"ImageObject","inLanguage":"es","@id":"https:\/\/skylightsnw.com\/homeowners\/replacements\/#primaryimage","url":"https:\/\/skylightsnw.com\/wp-content\/uploads\/2023\/04\/2020-05-07.jpg","contentUrl":"https:\/\/skylightsnw.com\/wp-content\/uploads\/2023\/04\/2020-05-07.jpg","width":773,"height":580,"caption":"2020 05 07"},{"@type":"BreadcrumbList","@id":"https:\/\/skylightsnw.com\/homeowners\/replacements\/#breadcrumb","itemListElement":[{"@type":"ListItem","position":1,"name":"Home","item":"https:\/\/skylightsnw.com\/"},{"@type":"ListItem","position":2,"name":"Homeowners","item":"https:\/\/skylightsnw.com\/homeowners\/"},{"@type":"ListItem","position":3,"name":"Replacements"}]},{"@type":"WebSite","@id":"https:\/\/skylightsnw.com\/#website","url":"https:\/\/skylightsnw.com\/","name":"SkylightsNW","description":"Light Up Your Space | Tigard","publisher":{"@id":"https:\/\/skylightsnw.com\/#organization"},"potentialAction":[{"@type":"SearchAction","target":{"@type":"EntryPoint","urlTemplate":"https:\/\/skylightsnw.com\/?s={search_term_string}"},"query-input":{"@type":"PropertyValueSpecification","valueRequired":true,"valueName":"search_term_string"}}],"inLanguage":"es"},{"@type":"Organization","@id":"https:\/\/skylightsnw.com\/#organization","name":"SkylightsNW","url":"https:\/\/skylightsnw.com\/","logo":{"@type":"ImageObject","inLanguage":"es","@id":"https:\/\/skylightsnw.com\/#\/schema\/logo\/image\/","url":"https:\/\/skylightsnw.com\/wp-content\/uploads\/2023\/04\/Skylights-NW_Sun-horizontal.png","contentUrl":"https:\/\/skylightsnw.com\/wp-content\/uploads\/2023\/04\/Skylights-NW_Sun-horizontal.png","width":1850,"height":704,"caption":"SkylightsNW"},"image":{"@id":"https:\/\/skylightsnw.com\/#\/schema\/logo\/image\/"}}]}},"_links":{"self":[{"href":"https:\/\/skylightsnw.com\/es\/wp-json\/wp\/v2\/pages\/43","targetHints":{"allow":["GET"]}}],"collection":[{"href":"https:\/\/skylightsnw.com\/es\/wp-json\/wp\/v2\/pages"}],"about":[{"href":"https:\/\/skylightsnw.com\/es\/wp-json\/wp\/v2\/types\/page"}],"author":[{"embeddable":true,"href":"https:\/\/skylightsnw.com\/es\/wp-json\/wp\/v2\/users\/1"}],"replies":[{"embeddable":true,"href":"https:\/\/skylightsnw.com\/es\/wp-json\/wp\/v2\/comments?post=43"}],"version-history":[{"count":6,"href":"https:\/\/skylightsnw.com\/es\/wp-json\/wp\/v2\/pages\/43\/revisions"}],"predecessor-version":[{"id":224,"href":"https:\/\/skylightsnw.com\/es\/wp-json\/wp\/v2\/pages\/43\/revisions\/224"}],"up":[{"embeddable":true,"href":"https:\/\/skylightsnw.com\/es\/wp-json\/wp\/v2\/pages\/37"}],"wp:featuredmedia":[{"embeddable":true,"href":"https:\/\/skylightsnw.com\/es\/wp-json\/wp\/v2\/media\/14"}],"wp:attachment":[{"href":"https:\/\/skylightsnw.com\/es\/wp-json\/wp\/v2\/media?parent=43"}],"curies":[{"name":"wp","href":"https:\/\/api.w.org\/{rel}","templated":true}]}}