{"id":61,"date":"2023-04-17T19:03:43","date_gmt":"2023-04-17T19:03:43","guid":{"rendered":"http:\/\/skylightsnw.com\/?page_id=61"},"modified":"2025-02-28T17:47:52","modified_gmt":"2025-02-28T17:47:52","slug":"about","status":"publish","type":"page","link":"https:\/\/skylightsnw.com\/es\/about\/","title":{"rendered":"Acerca de"},"content":{"rendered":"<div class=\"wp-block-media-text alignwide has-media-on-the-right is-stacked-on-mobile\"><div class=\"wp-block-media-text__content\">\n<h5 class=\"wp-block-heading\">Con m\u00e1s de 30 a\u00f1os en el oficio, nuestros propietarios y personal est\u00e1n calificados para ayudarlo con todos los aspectos de sus proyectos de tragaluces. Nos enorgullecemos de la calidad y la buena comunicaci\u00f3n. Nuestro personal ha sido capacitado para iluminar adecuadamente y proporcionar ventilaci\u00f3n a su hogar. Ser saludable en su hogar es importante. P\u00f3ngase en contacto con Skylights NW ahora para programar una consulta.<\/h5>\n<\/div><figure class=\"wp-block-media-text__media\"><img loading=\"lazy\" decoding=\"async\" width=\"540\" height=\"620\" src=\"http:\/\/skylightsnw.com\/wp-content\/uploads\/2023\/04\/sun-tunnel-attic-installation-540x620-1.jpg\" alt=\"sun tunnel attic installation 540x620 1\" class=\"wp-image-75 size-full\" srcset=\"https:\/\/skylightsnw.com\/wp-content\/uploads\/2023\/04\/sun-tunnel-attic-installation-540x620-1.jpg 540w, https:\/\/skylightsnw.com\/wp-content\/uploads\/2023\/04\/sun-tunnel-attic-installation-540x620-1-261x300.jpg 261w\" sizes=\"auto, (max-width: 540px) 100vw, 540px\" \/><\/figure><\/div>\n\n\n\n<div style=\"height:100px\" aria-hidden=\"true\" class=\"wp-block-spacer\"><\/div>\n\n\n\n<h2 class=\"wp-block-heading has-text-align-center\">Eres\u2026<\/h2>\n\n\n\n<div style=\"height:25px\" aria-hidden=\"true\" class=\"wp-block-spacer\"><\/div>\n\n\n\n<div class=\"wp-block-columns is-layout-flex wp-container-core-columns-is-layout-28f84493 wp-block-columns-is-layout-flex\">\n<div class=\"wp-block-column is-layout-flow wp-block-column-is-layout-flow\">\n<figure class=\"wp-block-image aligncenter size-full\"><a href=\"http:\/\/skylightsnw.com\/es\/homeowners\/\"><img loading=\"lazy\" decoding=\"async\" width=\"600\" height=\"450\" src=\"http:\/\/skylightsnw.com\/wp-content\/uploads\/2023\/04\/2022-09-16-1.jpg\" alt=\"2022 09 16 1\" class=\"wp-image-16\" srcset=\"https:\/\/skylightsnw.com\/wp-content\/uploads\/2023\/04\/2022-09-16-1.jpg 600w, https:\/\/skylightsnw.com\/wp-content\/uploads\/2023\/04\/2022-09-16-1-300x225.jpg 300w\" sizes=\"auto, (max-width: 600px) 100vw, 600px\" \/><\/a><\/figure>\n\n\n\n<h3 class=\"wp-block-heading has-text-align-center\">Residencial<\/h3>\n\n\n\n<p class=\"has-text-align-center\">Transforme su hogar con luz natural y aire fresco con los tragaluces sin fugas VELUX\u00ae.<\/p>\n\n\n\n<div class=\"wp-block-buttons is-content-justification-center is-layout-flex wp-container-core-buttons-is-layout-a89b3969 wp-block-buttons-is-layout-flex\">\n<div class=\"wp-block-button\"><a class=\"wp-block-button__link wp-element-button\" href=\"http:\/\/skylightsnw.com\/es\/homeowners\/\">Aprende m\u00e1s<\/a><\/div>\n<\/div>\n<\/div>\n\n\n\n<div class=\"wp-block-column is-layout-flow wp-block-column-is-layout-flow\">\n<figure class=\"wp-block-image aligncenter size-full\"><a href=\"https:\/\/skylightsnw.com\/es\/contractors\/\"><img loading=\"lazy\" decoding=\"async\" width=\"600\" height=\"450\" src=\"http:\/\/skylightsnw.com\/wp-content\/uploads\/2023\/04\/2022-09-16.jpg\" alt=\"2022 09 16\" class=\"wp-image-17\" srcset=\"https:\/\/skylightsnw.com\/wp-content\/uploads\/2023\/04\/2022-09-16.jpg 600w, https:\/\/skylightsnw.com\/wp-content\/uploads\/2023\/04\/2022-09-16-300x225.jpg 300w\" sizes=\"auto, (max-width: 600px) 100vw, 600px\" \/><\/a><\/figure>\n\n\n\n<h3 class=\"wp-block-heading has-text-align-center\">Comercial<\/h3>\n\n\n\n<p class=\"has-text-align-center\">Los tragaluces comerciales VELUX\u00ae tienen el tragaluz perfecto para cada espacio, con soluciones de ingenier\u00eda para cualquier dilema de dise\u00f1o.<\/p>\n\n\n\n<div class=\"wp-block-buttons is-content-justification-center is-layout-flex wp-container-core-buttons-is-layout-a89b3969 wp-block-buttons-is-layout-flex\">\n<div class=\"wp-block-button\"><a class=\"wp-block-button__link wp-element-button\" href=\"https:\/\/skylightsnw.com\/es\/contractors\/\">Aprende m\u00e1s<\/a><\/div>\n<\/div>\n<\/div>\n<\/div>","protected":false},"excerpt":{"rendered":"<p>With over 30 years in the trades, our owners&nbsp;and staff are qualified to assist you with&nbsp;all aspects of your skylight projects.&nbsp;We pride ourselves on quality and good&nbsp;communication. Our staff has been trained&nbsp;to properly daylight and provide ventilation&nbsp;to your home. Being [&hellip;]<\/p>\n","protected":false},"author":1,"featured_media":33,"parent":0,"menu_order":0,"comment_status":"closed","ping_status":"closed","template":"","meta":{"_acf_changed":false,"inline_featured_image":false,"_monsterinsights_skip_tracking":false,"_monsterinsights_sitenote_active":false,"_monsterinsights_sitenote_note":"","_monsterinsights_sitenote_category":0,"footnotes":""},"class_list":["post-61","page","type-page","status-publish","has-post-thumbnail","hentry"],"acf":[],"yoast_head":"<!-- This site is optimized with the Yoast SEO plugin v27.3 - https:\/\/yoast.com\/product\/yoast-seo-wordpress\/ -->\n<title>About - SkylightsNW<\/title>\n<meta name=\"robots\" content=\"index, follow, max-snippet:-1, max-image-preview:large, max-video-preview:-1\" \/>\n<link rel=\"canonical\" href=\"https:\/\/skylightsnw.com\/es\/about\/\" \/>\n<meta property=\"og:locale\" content=\"es_MX\" \/>\n<meta property=\"og:type\" content=\"article\" \/>\n<meta property=\"og:title\" content=\"About - SkylightsNW\" \/>\n<meta property=\"og:description\" content=\"With over 30 years in the trades, our owners&nbsp;and staff are qualified to assist you with&nbsp;all aspects of your skylight projects.&nbsp;We pride ourselves on quality and good&nbsp;communication. Our staff has been trained&nbsp;to properly daylight and provide ventilation&nbsp;to your home. Being [&hellip;]\" \/>\n<meta property=\"og:url\" content=\"https:\/\/skylightsnw.com\/es\/about\/\" \/>\n<meta property=\"og:site_name\" content=\"SkylightsNW\" \/>\n<meta property=\"article:modified_time\" content=\"2025-02-28T17:47:52+00:00\" \/>\n<meta property=\"og:image\" content=\"https:\/\/skylightsnw.com\/wp-content\/uploads\/2023\/04\/unnamed-1.jpg\" \/>\n\t<meta property=\"og:image:width\" content=\"901\" \/>\n\t<meta property=\"og:image:height\" content=\"676\" \/>\n\t<meta property=\"og:image:type\" content=\"image\/jpeg\" \/>\n<meta name=\"twitter:card\" content=\"summary_large_image\" \/>\n<meta name=\"twitter:label1\" content=\"Tiempo de lectura\" \/>\n\t<meta name=\"twitter:data1\" content=\"2 minutos\" \/>\n<script type=\"application\/ld+json\" class=\"yoast-schema-graph\">{\"@context\":\"https:\\\/\\\/schema.org\",\"@graph\":[{\"@type\":\"WebPage\",\"@id\":\"https:\\\/\\\/skylightsnw.com\\\/about\\\/\",\"url\":\"https:\\\/\\\/skylightsnw.com\\\/about\\\/\",\"name\":\"About - SkylightsNW\",\"isPartOf\":{\"@id\":\"https:\\\/\\\/skylightsnw.com\\\/#website\"},\"primaryImageOfPage\":{\"@id\":\"https:\\\/\\\/skylightsnw.com\\\/about\\\/#primaryimage\"},\"image\":{\"@id\":\"https:\\\/\\\/skylightsnw.com\\\/about\\\/#primaryimage\"},\"thumbnailUrl\":\"https:\\\/\\\/skylightsnw.com\\\/wp-content\\\/uploads\\\/2023\\\/04\\\/unnamed-1.jpg\",\"datePublished\":\"2023-04-17T19:03:43+00:00\",\"dateModified\":\"2025-02-28T17:47:52+00:00\",\"breadcrumb\":{\"@id\":\"https:\\\/\\\/skylightsnw.com\\\/about\\\/#breadcrumb\"},\"inLanguage\":\"es\",\"potentialAction\":[{\"@type\":\"ReadAction\",\"target\":[\"https:\\\/\\\/skylightsnw.com\\\/about\\\/\"]}]},{\"@type\":\"ImageObject\",\"inLanguage\":\"es\",\"@id\":\"https:\\\/\\\/skylightsnw.com\\\/about\\\/#primaryimage\",\"url\":\"https:\\\/\\\/skylightsnw.com\\\/wp-content\\\/uploads\\\/2023\\\/04\\\/unnamed-1.jpg\",\"contentUrl\":\"https:\\\/\\\/skylightsnw.com\\\/wp-content\\\/uploads\\\/2023\\\/04\\\/unnamed-1.jpg\",\"width\":901,\"height\":676,\"caption\":\"unnamed 1\"},{\"@type\":\"BreadcrumbList\",\"@id\":\"https:\\\/\\\/skylightsnw.com\\\/about\\\/#breadcrumb\",\"itemListElement\":[{\"@type\":\"ListItem\",\"position\":1,\"name\":\"Home\",\"item\":\"https:\\\/\\\/skylightsnw.com\\\/\"},{\"@type\":\"ListItem\",\"position\":2,\"name\":\"About\"}]},{\"@type\":\"WebSite\",\"@id\":\"https:\\\/\\\/skylightsnw.com\\\/#website\",\"url\":\"https:\\\/\\\/skylightsnw.com\\\/\",\"name\":\"SkylightsNW\",\"description\":\"Light Up Your Space | Tigard\",\"publisher\":{\"@id\":\"https:\\\/\\\/skylightsnw.com\\\/#organization\"},\"potentialAction\":[{\"@type\":\"SearchAction\",\"target\":{\"@type\":\"EntryPoint\",\"urlTemplate\":\"https:\\\/\\\/skylightsnw.com\\\/?s={search_term_string}\"},\"query-input\":{\"@type\":\"PropertyValueSpecification\",\"valueRequired\":true,\"valueName\":\"search_term_string\"}}],\"inLanguage\":\"es\"},{\"@type\":\"Organization\",\"@id\":\"https:\\\/\\\/skylightsnw.com\\\/#organization\",\"name\":\"SkylightsNW\",\"url\":\"https:\\\/\\\/skylightsnw.com\\\/\",\"logo\":{\"@type\":\"ImageObject\",\"inLanguage\":\"es\",\"@id\":\"https:\\\/\\\/skylightsnw.com\\\/#\\\/schema\\\/logo\\\/image\\\/\",\"url\":\"https:\\\/\\\/skylightsnw.com\\\/wp-content\\\/uploads\\\/2023\\\/04\\\/Skylights-NW_Sun-horizontal.png\",\"contentUrl\":\"https:\\\/\\\/skylightsnw.com\\\/wp-content\\\/uploads\\\/2023\\\/04\\\/Skylights-NW_Sun-horizontal.png\",\"width\":1850,\"height\":704,\"caption\":\"SkylightsNW\"},\"image\":{\"@id\":\"https:\\\/\\\/skylightsnw.com\\\/#\\\/schema\\\/logo\\\/image\\\/\"}}]}<\/script>\n<!-- \/ Yoast SEO plugin. -->","yoast_head_json":{"title":"About - SkylightsNW","robots":{"index":"index","follow":"follow","max-snippet":"max-snippet:-1","max-image-preview":"max-image-preview:large","max-video-preview":"max-video-preview:-1"},"canonical":"https:\/\/skylightsnw.com\/es\/about\/","og_locale":"es_MX","og_type":"article","og_title":"About - SkylightsNW","og_description":"With over 30 years in the trades, our owners&nbsp;and staff are qualified to assist you with&nbsp;all aspects of your skylight projects.&nbsp;We pride ourselves on quality and good&nbsp;communication. Our staff has been trained&nbsp;to properly daylight and provide ventilation&nbsp;to your home. Being [&hellip;]","og_url":"https:\/\/skylightsnw.com\/es\/about\/","og_site_name":"SkylightsNW","article_modified_time":"2025-02-28T17:47:52+00:00","og_image":[{"width":901,"height":676,"url":"https:\/\/skylightsnw.com\/wp-content\/uploads\/2023\/04\/unnamed-1.jpg","type":"image\/jpeg"}],"twitter_card":"summary_large_image","twitter_misc":{"Tiempo de lectura":"2 minutos"},"schema":{"@context":"https:\/\/schema.org","@graph":[{"@type":"WebPage","@id":"https:\/\/skylightsnw.com\/about\/","url":"https:\/\/skylightsnw.com\/about\/","name":"About - SkylightsNW","isPartOf":{"@id":"https:\/\/skylightsnw.com\/#website"},"primaryImageOfPage":{"@id":"https:\/\/skylightsnw.com\/about\/#primaryimage"},"image":{"@id":"https:\/\/skylightsnw.com\/about\/#primaryimage"},"thumbnailUrl":"https:\/\/skylightsnw.com\/wp-content\/uploads\/2023\/04\/unnamed-1.jpg","datePublished":"2023-04-17T19:03:43+00:00","dateModified":"2025-02-28T17:47:52+00:00","breadcrumb":{"@id":"https:\/\/skylightsnw.com\/about\/#breadcrumb"},"inLanguage":"es","potentialAction":[{"@type":"ReadAction","target":["https:\/\/skylightsnw.com\/about\/"]}]},{"@type":"ImageObject","inLanguage":"es","@id":"https:\/\/skylightsnw.com\/about\/#primaryimage","url":"https:\/\/skylightsnw.com\/wp-content\/uploads\/2023\/04\/unnamed-1.jpg","contentUrl":"https:\/\/skylightsnw.com\/wp-content\/uploads\/2023\/04\/unnamed-1.jpg","width":901,"height":676,"caption":"unnamed 1"},{"@type":"BreadcrumbList","@id":"https:\/\/skylightsnw.com\/about\/#breadcrumb","itemListElement":[{"@type":"ListItem","position":1,"name":"Home","item":"https:\/\/skylightsnw.com\/"},{"@type":"ListItem","position":2,"name":"About"}]},{"@type":"WebSite","@id":"https:\/\/skylightsnw.com\/#website","url":"https:\/\/skylightsnw.com\/","name":"SkylightsNW","description":"Light Up Your Space | Tigard","publisher":{"@id":"https:\/\/skylightsnw.com\/#organization"},"potentialAction":[{"@type":"SearchAction","target":{"@type":"EntryPoint","urlTemplate":"https:\/\/skylightsnw.com\/?s={search_term_string}"},"query-input":{"@type":"PropertyValueSpecification","valueRequired":true,"valueName":"search_term_string"}}],"inLanguage":"es"},{"@type":"Organization","@id":"https:\/\/skylightsnw.com\/#organization","name":"SkylightsNW","url":"https:\/\/skylightsnw.com\/","logo":{"@type":"ImageObject","inLanguage":"es","@id":"https:\/\/skylightsnw.com\/#\/schema\/logo\/image\/","url":"https:\/\/skylightsnw.com\/wp-content\/uploads\/2023\/04\/Skylights-NW_Sun-horizontal.png","contentUrl":"https:\/\/skylightsnw.com\/wp-content\/uploads\/2023\/04\/Skylights-NW_Sun-horizontal.png","width":1850,"height":704,"caption":"SkylightsNW"},"image":{"@id":"https:\/\/skylightsnw.com\/#\/schema\/logo\/image\/"}}]}},"_links":{"self":[{"href":"https:\/\/skylightsnw.com\/es\/wp-json\/wp\/v2\/pages\/61","targetHints":{"allow":["GET"]}}],"collection":[{"href":"https:\/\/skylightsnw.com\/es\/wp-json\/wp\/v2\/pages"}],"about":[{"href":"https:\/\/skylightsnw.com\/es\/wp-json\/wp\/v2\/types\/page"}],"author":[{"embeddable":true,"href":"https:\/\/skylightsnw.com\/es\/wp-json\/wp\/v2\/users\/1"}],"replies":[{"embeddable":true,"href":"https:\/\/skylightsnw.com\/es\/wp-json\/wp\/v2\/comments?post=61"}],"version-history":[{"count":10,"href":"https:\/\/skylightsnw.com\/es\/wp-json\/wp\/v2\/pages\/61\/revisions"}],"predecessor-version":[{"id":1344,"href":"https:\/\/skylightsnw.com\/es\/wp-json\/wp\/v2\/pages\/61\/revisions\/1344"}],"wp:featuredmedia":[{"embeddable":true,"href":"https:\/\/skylightsnw.com\/es\/wp-json\/wp\/v2\/media\/33"}],"wp:attachment":[{"href":"https:\/\/skylightsnw.com\/es\/wp-json\/wp\/v2\/media?parent=61"}],"curies":[{"name":"wp","href":"https:\/\/api.w.org\/{rel}","templated":true}]}}